{"id":28,"date":"2024-09-18T21:24:14","date_gmt":"2024-09-18T19:24:14","guid":{"rendered":"https:\/\/pausegourmande47.fr\/?page_id=28"},"modified":"2025-04-22T20:56:35","modified_gmt":"2025-04-22T18:56:35","slug":"nos-prestations","status":"publish","type":"page","link":"https:\/\/pausegourmande47.fr\/?page_id=28","title":{"rendered":"Nos formules"},"content":{"rendered":"\n<p>pour vos \u00e9v\u00e9nements priv\u00e9s ou professionnels<\/p>\n\n\n\n<p class=\"has-medium-font-size\"><strong>\u00c9v\u00e9nements et R\u00e9servations :<\/strong><br>Nos formules pour vos \u00e9v\u00e9nements priv\u00e9s ou professionnels, <a href=\"https:\/\/pausegourmande47.fr\/?page_id=30\">festivals et march\u00e9s<\/a>. N&#8217;h\u00e9sitez pas \u00e0 nous contacter pour discuter de vos besoins et r\u00e9server notre foodtruck pour votre prochaine f\u00eate ! Nous pouvons \u00eatre en ext\u00e9rieur ou en int\u00e9rieur.<\/p>\n\n\n\n<figure class=\"wp-block-image size-large\"><img loading=\"lazy\" decoding=\"async\" width=\"1024\" height=\"768\" src=\"http:\/\/pausegourmande47.fr\/wp-content\/uploads\/2024\/09\/20210602_094015-1-1024x768.jpg\" alt=\"Nos formules pour vos \u00e9v\u00e9nements priv\u00e9s ou professionnels\" class=\"wp-image-71\" srcset=\"https:\/\/pausegourmande47.fr\/wp-content\/uploads\/2024\/09\/20210602_094015-1-1024x768.jpg 1024w, https:\/\/pausegourmande47.fr\/wp-content\/uploads\/2024\/09\/20210602_094015-1-scaled-600x450.jpg 600w, https:\/\/pausegourmande47.fr\/wp-content\/uploads\/2024\/09\/20210602_094015-1-300x225.jpg 300w, https:\/\/pausegourmande47.fr\/wp-content\/uploads\/2024\/09\/20210602_094015-1-768x576.jpg 768w, https:\/\/pausegourmande47.fr\/wp-content\/uploads\/2024\/09\/20210602_094015-1-1536x1152.jpg 1536w\" sizes=\"auto, (max-width: 1024px) 100vw, 1024px\" \/><\/figure>\n\n\n\n<p class=\"has-medium-font-size\"><strong>Nos formules pour vos \u00e9v\u00e9nements priv\u00e9s ou professionnels :<\/strong><\/p>\n\n\n\n<figure class=\"wp-block-image size-large\"><img loading=\"lazy\" decoding=\"async\" width=\"1024\" height=\"902\" src=\"http:\/\/pausegourmande47.fr\/wp-content\/uploads\/2025\/01\/20241111_114717-1024x902.jpg\" alt=\"\" class=\"wp-image-412\" srcset=\"https:\/\/pausegourmande47.fr\/wp-content\/uploads\/2025\/01\/20241111_114717-1024x902.jpg 1024w, https:\/\/pausegourmande47.fr\/wp-content\/uploads\/2025\/01\/20241111_114717-scaled-600x528.jpg 600w, https:\/\/pausegourmande47.fr\/wp-content\/uploads\/2025\/01\/20241111_114717-300x264.jpg 300w, https:\/\/pausegourmande47.fr\/wp-content\/uploads\/2025\/01\/20241111_114717-768x676.jpg 768w, https:\/\/pausegourmande47.fr\/wp-content\/uploads\/2025\/01\/20241111_114717-1536x1352.jpg 1536w, https:\/\/pausegourmande47.fr\/wp-content\/uploads\/2025\/01\/20241111_114717-2048x1803.jpg 2048w\" sizes=\"auto, (max-width: 1024px) 100vw, 1024px\" \/><\/figure>\n\n\n\n<p class=\"has-medium-font-size\"><strong>Formule Pizzas<\/strong> : plusieurs choix<br><strong>Formule Burgers : <strong>Le Burger Bar<\/strong><\/strong> une formule originale<br><strong>Formule Cr\u00eapes sal\u00e9es :<\/strong> plusieurs choix<br><strong>Formule Pasta Box :  sauce bolognaise ou carbonara<br>Formule Pain Bagnat : thon, jambon ou v\u00e9g\u00e9<\/strong><\/p>\n\n\n\n<figure class=\"wp-block-image size-full\"><img loading=\"lazy\" decoding=\"async\" width=\"714\" height=\"349\" src=\"https:\/\/pausegourmande47.fr\/wp-content\/uploads\/2025\/01\/brunch-4737354_1920-removebg-preview.png\" alt=\"\" class=\"wp-image-397\" srcset=\"https:\/\/pausegourmande47.fr\/wp-content\/uploads\/2025\/01\/brunch-4737354_1920-removebg-preview.png 714w, https:\/\/pausegourmande47.fr\/wp-content\/uploads\/2025\/01\/brunch-4737354_1920-removebg-preview-600x293.png 600w, https:\/\/pausegourmande47.fr\/wp-content\/uploads\/2025\/01\/brunch-4737354_1920-removebg-preview-300x147.png 300w\" sizes=\"auto, (max-width: 714px) 100vw, 714px\" \/><\/figure>\n\n\n\n<p class=\"has-medium-font-size\"><br><strong>Pizzas ou Burgers ou Cr\u00eapes ou Pasta Box ou Bagnat<\/strong><br><\/p>\n\n\n<div class=\"wp-block-image\">\n<figure class=\"aligncenter size-full\"><img loading=\"lazy\" decoding=\"async\" width=\"314\" height=\"301\" src=\"https:\/\/pausegourmande47.fr\/wp-content\/uploads\/2025\/03\/20250308_105718-removebg-preview.png\" alt=\"\" class=\"wp-image-486\" srcset=\"https:\/\/pausegourmande47.fr\/wp-content\/uploads\/2025\/03\/20250308_105718-removebg-preview.png 314w, https:\/\/pausegourmande47.fr\/wp-content\/uploads\/2025\/03\/20250308_105718-removebg-preview-300x288.png 300w\" sizes=\"auto, (max-width: 314px) 100vw, 314px\" \/><\/figure>\n<\/div>\n\n\n<p class=\"has-medium-font-size\"><br><\/p>\n\n\n<div class=\"wp-block-image\">\n<figure class=\"aligncenter size-full is-resized\"><img loading=\"lazy\" decoding=\"async\" width=\"523\" height=\"477\" src=\"https:\/\/pausegourmande47.fr\/wp-content\/uploads\/2025\/01\/le-bacon-1024x933-removebg-preview.png\" alt=\"\" class=\"wp-image-396\" style=\"width:498px;height:auto\" srcset=\"https:\/\/pausegourmande47.fr\/wp-content\/uploads\/2025\/01\/le-bacon-1024x933-removebg-preview.png 523w, https:\/\/pausegourmande47.fr\/wp-content\/uploads\/2025\/01\/le-bacon-1024x933-removebg-preview-300x274.png 300w\" sizes=\"auto, (max-width: 523px) 100vw, 523px\" \/><\/figure>\n<\/div>\n\n\n<h2 class=\"wp-block-heading has-text-align-center has-large-font-size\"><a href=\"https:\/\/pausegourmande47.fr\/?page_id=11\">D&#8217;autres formules sont possibles <br>n&#8217;h\u00e9sitez pas \u00e0 nous contacter<\/a><\/h2>\n\n\n\n<p><strong>Nos locations pour vos manifestations :<\/strong> Nos offres sont modulables en sal\u00e9s et sucr\u00e9s. Vous pouvez \u00e9galement louer du mat\u00e9riel de sucrerie, la structure gonflable Chat Pott\u00e9 ainsi que des jeux en bois.<\/p>\n\n\n\n<div class=\"wp-block-columns is-layout-flex wp-container-core-columns-is-layout-9d6595d7 wp-block-columns-is-layout-flex\">\n<div class=\"wp-block-column is-layout-flow wp-block-column-is-layout-flow\">\n<figure class=\"wp-block-image size-full\"><img loading=\"lazy\" decoding=\"async\" width=\"656\" height=\"656\" src=\"https:\/\/pausegourmande47.fr\/wp-content\/uploads\/2024\/09\/chat-botte.jpg\" alt=\"\" class=\"wp-image-84\" srcset=\"https:\/\/pausegourmande47.fr\/wp-content\/uploads\/2024\/09\/chat-botte.jpg 656w, https:\/\/pausegourmande47.fr\/wp-content\/uploads\/2024\/09\/chat-botte-300x300.jpg 300w, https:\/\/pausegourmande47.fr\/wp-content\/uploads\/2024\/09\/chat-botte-100x100.jpg 100w, https:\/\/pausegourmande47.fr\/wp-content\/uploads\/2024\/09\/chat-botte-600x600.jpg 600w, https:\/\/pausegourmande47.fr\/wp-content\/uploads\/2024\/09\/chat-botte-150x150.jpg 150w\" sizes=\"auto, (max-width: 656px) 100vw, 656px\" \/><\/figure>\n<\/div>\n\n\n\n<div class=\"wp-block-column is-layout-flow wp-block-column-is-layout-flow\">\n<figure class=\"wp-block-image size-full\"><img loading=\"lazy\" decoding=\"async\" width=\"500\" height=\"500\" src=\"https:\/\/pausegourmande47.fr\/wp-content\/uploads\/2024\/09\/pmet5r_wpmet_newlogo_1317__1_-removebg-preview.png\" alt=\"\" class=\"wp-image-85\" srcset=\"https:\/\/pausegourmande47.fr\/wp-content\/uploads\/2024\/09\/pmet5r_wpmet_newlogo_1317__1_-removebg-preview.png 500w, https:\/\/pausegourmande47.fr\/wp-content\/uploads\/2024\/09\/pmet5r_wpmet_newlogo_1317__1_-removebg-preview-300x300.png 300w, https:\/\/pausegourmande47.fr\/wp-content\/uploads\/2024\/09\/pmet5r_wpmet_newlogo_1317__1_-removebg-preview-100x100.png 100w, https:\/\/pausegourmande47.fr\/wp-content\/uploads\/2024\/09\/pmet5r_wpmet_newlogo_1317__1_-removebg-preview-150x150.png 150w\" sizes=\"auto, (max-width: 500px) 100vw, 500px\" \/><\/figure>\n<\/div>\n\n\n\n<div class=\"wp-block-column is-layout-flow wp-block-column-is-layout-flow\">\n<figure class=\"wp-block-image size-full\"><img loading=\"lazy\" decoding=\"async\" width=\"500\" height=\"500\" src=\"https:\/\/pausegourmande47.fr\/wp-content\/uploads\/2024\/09\/fr_HFBJDTXZHFLHT2205V2_goods_img-v2_waffle-maker-m100-1.2__1_-removebg-preview.png\" alt=\"\" class=\"wp-image-86\" srcset=\"https:\/\/pausegourmande47.fr\/wp-content\/uploads\/2024\/09\/fr_HFBJDTXZHFLHT2205V2_goods_img-v2_waffle-maker-m100-1.2__1_-removebg-preview.png 500w, https:\/\/pausegourmande47.fr\/wp-content\/uploads\/2024\/09\/fr_HFBJDTXZHFLHT2205V2_goods_img-v2_waffle-maker-m100-1.2__1_-removebg-preview-300x300.png 300w, https:\/\/pausegourmande47.fr\/wp-content\/uploads\/2024\/09\/fr_HFBJDTXZHFLHT2205V2_goods_img-v2_waffle-maker-m100-1.2__1_-removebg-preview-100x100.png 100w, https:\/\/pausegourmande47.fr\/wp-content\/uploads\/2024\/09\/fr_HFBJDTXZHFLHT2205V2_goods_img-v2_waffle-maker-m100-1.2__1_-removebg-preview-150x150.png 150w\" sizes=\"auto, (max-width: 500px) 100vw, 500px\" \/><\/figure>\n<\/div>\n<\/div>\n\n\n\n<p><br><\/p>\n\n\n\n<div class=\"wp-block-columns is-layout-flex wp-container-core-columns-is-layout-9d6595d7 wp-block-columns-is-layout-flex\">\n<div class=\"wp-block-column is-layout-flow wp-block-column-is-layout-flow\">\n<figure class=\"wp-block-image size-full\"><img loading=\"lazy\" decoding=\"async\" width=\"300\" height=\"300\" src=\"https:\/\/pausegourmande47.fr\/wp-content\/uploads\/2024\/09\/machine-a-granite-2-groupes-2-x-6-l-ref42882-300x300-1-removebg-preview-1.png\" alt=\"\" class=\"wp-image-87\" srcset=\"https:\/\/pausegourmande47.fr\/wp-content\/uploads\/2024\/09\/machine-a-granite-2-groupes-2-x-6-l-ref42882-300x300-1-removebg-preview-1.png 300w, https:\/\/pausegourmande47.fr\/wp-content\/uploads\/2024\/09\/machine-a-granite-2-groupes-2-x-6-l-ref42882-300x300-1-removebg-preview-1-100x100.png 100w, https:\/\/pausegourmande47.fr\/wp-content\/uploads\/2024\/09\/machine-a-granite-2-groupes-2-x-6-l-ref42882-300x300-1-removebg-preview-1-150x150.png 150w\" sizes=\"auto, (max-width: 300px) 100vw, 300px\" \/><\/figure>\n<\/div>\n\n\n\n<div class=\"wp-block-column is-layout-flow wp-block-column-is-layout-flow\">\n<figure class=\"wp-block-image size-full is-resized\"><img loading=\"lazy\" decoding=\"async\" width=\"130\" height=\"170\" src=\"https:\/\/pausegourmande47.fr\/wp-content\/uploads\/2024\/09\/carroussel-1.jpg\" alt=\"\" class=\"wp-image-88\" style=\"width:180px;height:auto\"\/><\/figure>\n<\/div>\n\n\n\n<div class=\"wp-block-column is-layout-flow wp-block-column-is-layout-flow\"><\/div>\n<\/div>\n\n\n\n<p><a href=\"https:\/\/www.facebook.com\/pausegourmande47\" target=\"_blank\" rel=\"noreferrer noopener\">notre lien facebook<\/a><\/p>\n\n\n\n<p>Vous pouvez privatiser notre Food Truck pour vos \u00e9v\u00e9nements priv\u00e9s (anniversaires,lendemain de mariage, repas d&#8217;entreprises,&#8230;) Nous sommes \u00e9galement disponible pour vos march\u00e9s gourmands ou autres manifestations.<\/p>\n","protected":false},"excerpt":{"rendered":"<p>pour vos \u00e9v\u00e9nements priv\u00e9s ou professionnels \u00c9v\u00e9nements et R\u00e9servations :Nos formules pour vos \u00e9v\u00e9nements priv\u00e9s ou professionnels, festivals et march\u00e9s. N&#8217;h\u00e9sitez pas \u00e0 nous contacter pour discuter de vos besoins <a class=\"more-link\" href=\"https:\/\/pausegourmande47.fr\/?page_id=28\">Continue Reading &rarr;<\/a><\/p>\n","protected":false},"author":1,"featured_media":0,"parent":0,"menu_order":0,"comment_status":"closed","ping_status":"closed","template":"","meta":{"footnotes":""},"class_list":["post-28","page","type-page","status-publish","hentry"],"yoast_head":"<!-- This site is optimized with the Yoast SEO plugin v27.1.1 - https:\/\/yoast.com\/product\/yoast-seo-wordpress\/ -->\n<title>Nos formules - La PAUSE GOURMANDE DU PAYS DE LAUZUN<\/title>\n<meta name=\"description\" content=\"Nos formules pour vos \u00e9v\u00e9nements priv\u00e9s ou professionnels. Des formules qui s&#039;adaptent \u00e0 vos manifestations.\" \/>\n<meta name=\"robots\" content=\"index, follow, max-snippet:-1, max-image-preview:large, max-video-preview:-1\" \/>\n<link rel=\"canonical\" href=\"https:\/\/pausegourmande47.fr\/?page_id=28\" \/>\n<meta property=\"og:locale\" content=\"en_US\" \/>\n<meta property=\"og:type\" content=\"article\" \/>\n<meta property=\"og:title\" content=\"Nos formules - La PAUSE GOURMANDE DU PAYS DE LAUZUN\" \/>\n<meta property=\"og:description\" content=\"Nos formules pour vos \u00e9v\u00e9nements priv\u00e9s ou professionnels. Des formules qui s&#039;adaptent \u00e0 vos manifestations.\" \/>\n<meta property=\"og:url\" content=\"https:\/\/pausegourmande47.fr\/?page_id=28\" \/>\n<meta property=\"og:site_name\" content=\"La PAUSE GOURMANDE DU PAYS DE LAUZUN\" \/>\n<meta property=\"article:publisher\" content=\"https:\/\/www.facebook.com\/pausegourmande47\" \/>\n<meta property=\"article:modified_time\" content=\"2025-04-22T18:56:35+00:00\" \/>\n<meta property=\"og:image\" content=\"https:\/\/pausegourmande47.fr\/wp-content\/uploads\/2024\/09\/20210602_094015-1-scaled.jpg\" \/>\n\t<meta property=\"og:image:width\" content=\"2560\" \/>\n\t<meta property=\"og:image:height\" content=\"1920\" \/>\n\t<meta property=\"og:image:type\" content=\"image\/jpeg\" \/>\n<meta name=\"twitter:card\" content=\"summary_large_image\" \/>\n<meta name=\"twitter:label1\" content=\"Est. reading time\" \/>\n\t<meta name=\"twitter:data1\" content=\"3 minutes\" \/>\n<script type=\"application\/ld+json\" class=\"yoast-schema-graph\">{\"@context\":\"https:\/\/schema.org\",\"@graph\":[{\"@type\":\"WebPage\",\"@id\":\"https:\/\/pausegourmande47.fr\/?page_id=28\",\"url\":\"https:\/\/pausegourmande47.fr\/?page_id=28\",\"name\":\"Nos formules - La PAUSE GOURMANDE DU PAYS DE LAUZUN\",\"isPartOf\":{\"@id\":\"https:\/\/pausegourmande47.fr\/#website\"},\"primaryImageOfPage\":{\"@id\":\"https:\/\/pausegourmande47.fr\/?page_id=28#primaryimage\"},\"image\":{\"@id\":\"https:\/\/pausegourmande47.fr\/?page_id=28#primaryimage\"},\"thumbnailUrl\":\"http:\/\/pausegourmande47.fr\/wp-content\/uploads\/2024\/09\/20210602_094015-1-1024x768.jpg\",\"datePublished\":\"2024-09-18T19:24:14+00:00\",\"dateModified\":\"2025-04-22T18:56:35+00:00\",\"description\":\"Nos formules pour vos \u00e9v\u00e9nements priv\u00e9s ou professionnels. Des formules qui s'adaptent \u00e0 vos manifestations.\",\"breadcrumb\":{\"@id\":\"https:\/\/pausegourmande47.fr\/?page_id=28#breadcrumb\"},\"inLanguage\":\"en-US\",\"potentialAction\":[{\"@type\":\"ReadAction\",\"target\":[\"https:\/\/pausegourmande47.fr\/?page_id=28\"]}]},{\"@type\":\"ImageObject\",\"inLanguage\":\"en-US\",\"@id\":\"https:\/\/pausegourmande47.fr\/?page_id=28#primaryimage\",\"url\":\"https:\/\/pausegourmande47.fr\/wp-content\/uploads\/2024\/09\/20210602_094015-1-scaled.jpg\",\"contentUrl\":\"https:\/\/pausegourmande47.fr\/wp-content\/uploads\/2024\/09\/20210602_094015-1-scaled.jpg\",\"width\":2560,\"height\":1920},{\"@type\":\"BreadcrumbList\",\"@id\":\"https:\/\/pausegourmande47.fr\/?page_id=28#breadcrumb\",\"itemListElement\":[{\"@type\":\"ListItem\",\"position\":1,\"name\":\"Accueil\",\"item\":\"https:\/\/pausegourmande47.fr\/\"},{\"@type\":\"ListItem\",\"position\":2,\"name\":\"Nos formules\"}]},{\"@type\":\"WebSite\",\"@id\":\"https:\/\/pausegourmande47.fr\/#website\",\"url\":\"https:\/\/pausegourmande47.fr\/\",\"name\":\"La PAUSE GOURMANDE DU PAYS DE LAUZUN\",\"description\":\"Pizzas, Burgers, Cr\u00eapes sal\u00e9es, cr\u00eapes sucr\u00e9es, Popcorn, Barbe \u00e0 papa, Gaufre...\",\"publisher\":{\"@id\":\"https:\/\/pausegourmande47.fr\/#organization\"},\"potentialAction\":[{\"@type\":\"SearchAction\",\"target\":{\"@type\":\"EntryPoint\",\"urlTemplate\":\"https:\/\/pausegourmande47.fr\/?s={search_term_string}\"},\"query-input\":{\"@type\":\"PropertyValueSpecification\",\"valueRequired\":true,\"valueName\":\"search_term_string\"}}],\"inLanguage\":\"en-US\"},{\"@type\":\"Organization\",\"@id\":\"https:\/\/pausegourmande47.fr\/#organization\",\"name\":\"La PAUSE GOURMANDE DU PAYS DE LAUZUN\",\"url\":\"https:\/\/pausegourmande47.fr\/\",\"logo\":{\"@type\":\"ImageObject\",\"inLanguage\":\"en-US\",\"@id\":\"https:\/\/pausegourmande47.fr\/#\/schema\/logo\/image\/\",\"url\":\"https:\/\/pausegourmande47.fr\/wp-content\/uploads\/2024\/09\/logo-pause-gourmande.png\",\"contentUrl\":\"https:\/\/pausegourmande47.fr\/wp-content\/uploads\/2024\/09\/logo-pause-gourmande.png\",\"width\":500,\"height\":500,\"caption\":\"La PAUSE GOURMANDE DU PAYS DE LAUZUN\"},\"image\":{\"@id\":\"https:\/\/pausegourmande47.fr\/#\/schema\/logo\/image\/\"},\"sameAs\":[\"https:\/\/www.facebook.com\/pausegourmande47\"]}]}<\/script>\n<!-- \/ Yoast SEO plugin. -->","yoast_head_json":{"title":"Nos formules - La PAUSE GOURMANDE DU PAYS DE LAUZUN","description":"Nos formules pour vos \u00e9v\u00e9nements priv\u00e9s ou professionnels. Des formules qui s'adaptent \u00e0 vos manifestations.","robots":{"index":"index","follow":"follow","max-snippet":"max-snippet:-1","max-image-preview":"max-image-preview:large","max-video-preview":"max-video-preview:-1"},"canonical":"https:\/\/pausegourmande47.fr\/?page_id=28","og_locale":"en_US","og_type":"article","og_title":"Nos formules - La PAUSE GOURMANDE DU PAYS DE LAUZUN","og_description":"Nos formules pour vos \u00e9v\u00e9nements priv\u00e9s ou professionnels. Des formules qui s'adaptent \u00e0 vos manifestations.","og_url":"https:\/\/pausegourmande47.fr\/?page_id=28","og_site_name":"La PAUSE GOURMANDE DU PAYS DE LAUZUN","article_publisher":"https:\/\/www.facebook.com\/pausegourmande47","article_modified_time":"2025-04-22T18:56:35+00:00","og_image":[{"width":2560,"height":1920,"url":"https:\/\/pausegourmande47.fr\/wp-content\/uploads\/2024\/09\/20210602_094015-1-scaled.jpg","type":"image\/jpeg"}],"twitter_card":"summary_large_image","twitter_misc":{"Est. reading time":"3 minutes"},"schema":{"@context":"https:\/\/schema.org","@graph":[{"@type":"WebPage","@id":"https:\/\/pausegourmande47.fr\/?page_id=28","url":"https:\/\/pausegourmande47.fr\/?page_id=28","name":"Nos formules - La PAUSE GOURMANDE DU PAYS DE LAUZUN","isPartOf":{"@id":"https:\/\/pausegourmande47.fr\/#website"},"primaryImageOfPage":{"@id":"https:\/\/pausegourmande47.fr\/?page_id=28#primaryimage"},"image":{"@id":"https:\/\/pausegourmande47.fr\/?page_id=28#primaryimage"},"thumbnailUrl":"http:\/\/pausegourmande47.fr\/wp-content\/uploads\/2024\/09\/20210602_094015-1-1024x768.jpg","datePublished":"2024-09-18T19:24:14+00:00","dateModified":"2025-04-22T18:56:35+00:00","description":"Nos formules pour vos \u00e9v\u00e9nements priv\u00e9s ou professionnels. Des formules qui s'adaptent \u00e0 vos manifestations.","breadcrumb":{"@id":"https:\/\/pausegourmande47.fr\/?page_id=28#breadcrumb"},"inLanguage":"en-US","potentialAction":[{"@type":"ReadAction","target":["https:\/\/pausegourmande47.fr\/?page_id=28"]}]},{"@type":"ImageObject","inLanguage":"en-US","@id":"https:\/\/pausegourmande47.fr\/?page_id=28#primaryimage","url":"https:\/\/pausegourmande47.fr\/wp-content\/uploads\/2024\/09\/20210602_094015-1-scaled.jpg","contentUrl":"https:\/\/pausegourmande47.fr\/wp-content\/uploads\/2024\/09\/20210602_094015-1-scaled.jpg","width":2560,"height":1920},{"@type":"BreadcrumbList","@id":"https:\/\/pausegourmande47.fr\/?page_id=28#breadcrumb","itemListElement":[{"@type":"ListItem","position":1,"name":"Accueil","item":"https:\/\/pausegourmande47.fr\/"},{"@type":"ListItem","position":2,"name":"Nos formules"}]},{"@type":"WebSite","@id":"https:\/\/pausegourmande47.fr\/#website","url":"https:\/\/pausegourmande47.fr\/","name":"La PAUSE GOURMANDE DU PAYS DE LAUZUN","description":"Pizzas, Burgers, Cr\u00eapes sal\u00e9es, cr\u00eapes sucr\u00e9es, Popcorn, Barbe \u00e0 papa, Gaufre...","publisher":{"@id":"https:\/\/pausegourmande47.fr\/#organization"},"potentialAction":[{"@type":"SearchAction","target":{"@type":"EntryPoint","urlTemplate":"https:\/\/pausegourmande47.fr\/?s={search_term_string}"},"query-input":{"@type":"PropertyValueSpecification","valueRequired":true,"valueName":"search_term_string"}}],"inLanguage":"en-US"},{"@type":"Organization","@id":"https:\/\/pausegourmande47.fr\/#organization","name":"La PAUSE GOURMANDE DU PAYS DE LAUZUN","url":"https:\/\/pausegourmande47.fr\/","logo":{"@type":"ImageObject","inLanguage":"en-US","@id":"https:\/\/pausegourmande47.fr\/#\/schema\/logo\/image\/","url":"https:\/\/pausegourmande47.fr\/wp-content\/uploads\/2024\/09\/logo-pause-gourmande.png","contentUrl":"https:\/\/pausegourmande47.fr\/wp-content\/uploads\/2024\/09\/logo-pause-gourmande.png","width":500,"height":500,"caption":"La PAUSE GOURMANDE DU PAYS DE LAUZUN"},"image":{"@id":"https:\/\/pausegourmande47.fr\/#\/schema\/logo\/image\/"},"sameAs":["https:\/\/www.facebook.com\/pausegourmande47"]}]}},"_links":{"self":[{"href":"https:\/\/pausegourmande47.fr\/index.php?rest_route=\/wp\/v2\/pages\/28","targetHints":{"allow":["GET"]}}],"collection":[{"href":"https:\/\/pausegourmande47.fr\/index.php?rest_route=\/wp\/v2\/pages"}],"about":[{"href":"https:\/\/pausegourmande47.fr\/index.php?rest_route=\/wp\/v2\/types\/page"}],"author":[{"embeddable":true,"href":"https:\/\/pausegourmande47.fr\/index.php?rest_route=\/wp\/v2\/users\/1"}],"replies":[{"embeddable":true,"href":"https:\/\/pausegourmande47.fr\/index.php?rest_route=%2Fwp%2Fv2%2Fcomments&post=28"}],"version-history":[{"count":28,"href":"https:\/\/pausegourmande47.fr\/index.php?rest_route=\/wp\/v2\/pages\/28\/revisions"}],"predecessor-version":[{"id":589,"href":"https:\/\/pausegourmande47.fr\/index.php?rest_route=\/wp\/v2\/pages\/28\/revisions\/589"}],"wp:attachment":[{"href":"https:\/\/pausegourmande47.fr\/index.php?rest_route=%2Fwp%2Fv2%2Fmedia&parent=28"}],"curies":[{"name":"wp","href":"https:\/\/api.w.org\/{rel}","templated":true}]}}